
{"id":1406,"date":"2020-12-08T09:37:38","date_gmt":"2020-12-08T08:37:38","guid":{"rendered":"https:\/\/chezjames.fr\/boucherie\/?page_id=1406"},"modified":"2021-02-12T19:32:57","modified_gmt":"2021-02-12T18:32:57","slug":"accueil-2","status":"publish","type":"page","link":"https:\/\/chezjames.fr\/boucherie\/","title":{"rendered":"Accueil"},"content":{"rendered":"\n<h2 class=\"has-text-align-center\"><strong>Boucherie Charcuterie Traiteur<\/strong><\/h2>\n\n\n\n<div class=\"wp-container-3 wp-block-columns\">\n<div class=\"wp-container-1 wp-block-column\" style=\"flex-basis:33.33%\">\n<p class=\"has-text-align-left\">La boucherie Chez James \u00e0 Saint Jean de Maru\u00e9jols et Avejan vous accueille chaleureusement au N\u00b0 10 de la route nationale, qui traverse ce joli village gardois (30), entre Saint Ambroix et Barjac.<\/p>\n\n\n\n<blockquote class=\"wp-block-quote\"><p>Votre nouveau boucher, jeune et dynamique, vous propose des viandes de qualit\u00e9.<\/p><\/blockquote>\n\n\n\n<p>provenant du circuit cours, principalement gr\u00e2ce \u00e0 des \u00e9leveurs de la r\u00e9gion. Une charcuterie faite maison, des plats cuisin\u00e9s, vous ferons retrouver des saveurs d&#8217;autrefois.<\/p>\n<\/div>\n\n\n\n<div class=\"wp-container-2 wp-block-column\" style=\"flex-basis:66.66%\">\n<figure class=\"wp-block-image size-large\"><img loading=\"lazy\" width=\"1024\" height=\"768\" src=\"https:\/\/chezjames.fr\/boucherie\/wp-content\/uploads\/2020\/11\/IMG_3002-1024x768.jpg\" alt=\"ChezJames BOUCHERIE\" class=\"wp-image-1351\" srcset=\"https:\/\/chezjames.fr\/boucherie\/wp-content\/uploads\/2020\/11\/IMG_3002-1024x768.jpg 1024w, https:\/\/chezjames.fr\/boucherie\/wp-content\/uploads\/2020\/11\/IMG_3002-300x225.jpg 300w, https:\/\/chezjames.fr\/boucherie\/wp-content\/uploads\/2020\/11\/IMG_3002-768x576.jpg 768w, https:\/\/chezjames.fr\/boucherie\/wp-content\/uploads\/2020\/11\/IMG_3002-1536x1152.jpg 1536w, https:\/\/chezjames.fr\/boucherie\/wp-content\/uploads\/2020\/11\/IMG_3002-2048x1536.jpg 2048w, https:\/\/chezjames.fr\/boucherie\/wp-content\/uploads\/2020\/11\/IMG_3002-416x312.jpg 416w\" sizes=\"(max-width: 1024px) 100vw, 1024px\" \/><\/figure>\n<\/div>\n<\/div>\n\n\n\n<hr>\n\n\n\n<h2 class=\"has-text-align-center\"><strong>Voici quelques saveurs<\/strong><\/h2>\n\n\n\n<div class=\"wp-container-7 wp-block-columns\">\n<div class=\"wp-container-4 wp-block-column is-vertically-aligned-top\" style=\"flex-basis:70%\">\n<figure class=\"wp-block-image size-large\"><img loading=\"lazy\" width=\"960\" height=\"720\" src=\"https:\/\/chezjames.fr\/boucherie\/wp-content\/uploads\/2021\/02\/fb.jpg\" alt=\"vitrine \u00e9talage de saucisses\" class=\"wp-image-1527\" srcset=\"https:\/\/chezjames.fr\/boucherie\/wp-content\/uploads\/2021\/02\/fb.jpg 960w, https:\/\/chezjames.fr\/boucherie\/wp-content\/uploads\/2021\/02\/fb-300x225.jpg 300w, https:\/\/chezjames.fr\/boucherie\/wp-content\/uploads\/2021\/02\/fb-768x576.jpg 768w, https:\/\/chezjames.fr\/boucherie\/wp-content\/uploads\/2021\/02\/fb-416x312.jpg 416w\" sizes=\"(max-width: 960px) 100vw, 960px\" \/><\/figure>\n<\/div>\n\n\n\n<div class=\"wp-container-6 wp-block-column\" style=\"flex-basis:30%\">\n<p>Nous proposons des plats cuisin\u00e9s et viandes de: <\/p>\n\n\n\n<ul><li>BOEUF<\/li><li>VEAU<\/li><li>PORC<\/li><li>AGNEAU<\/li><li>VOLAILLE<\/li><li>&#8230;<\/li><\/ul>\n\n\n\n<blockquote class=\"wp-block-quote\"><p>Fabrication artisanale et sp\u00e9cialit\u00e9s r\u00e9gionales, \u00e0 d\u00e9guster avec amour.<\/p><\/blockquote>\n\n\n\n<div class=\"wp-container-5 wp-block-buttons\">\n<div class=\"wp-block-button is-style-outline\"><a class=\"wp-block-button__link has-black-color has-white-background-color has-text-color has-background\" href=\"https:\/\/chezjames.fr\/boucherie\/galerie\/\" style=\"border-radius:50px\">visiter notre galerie<\/a><\/div>\n<\/div>\n\n\n\n<p><\/p>\n<\/div>\n<\/div>\n\n\n\n<hr>\n\n\n\n<h2 class=\"has-text-align-center\"><strong>Satisfait<\/strong><\/h2>\n\n\n\n<div class=\"wp-container-11 wp-block-columns\">\n<div class=\"wp-container-9 wp-block-column is-vertically-aligned-center\">\n<p class=\"has-text-align-center\">Cette pr\u00e9sentation vous convient, continuez votre visite en boutique.<\/p>\n\n\n\n<div class=\"wp-container-8 wp-block-buttons aligncenter\">\n<div class=\"wp-block-button is-style-outline\"><a class=\"wp-block-button__link\" href=\"https:\/\/chezjames.fr\/boucherie\/boutique\/\" style=\"border-radius:50px\">boutique en ligne<\/a><\/div>\n<\/div>\n\n\n\n<blockquote class=\"wp-block-quote has-text-align-center\"><p>Votre boucher vous remercie, faite plaisir \u00e0 vos papilles.<\/p><p><\/p><\/blockquote>\n<\/div>\n\n\n\n<div class=\"wp-container-10 wp-block-column\">\n<div class=\"wp-block-image is-style-rounded\"><figure class=\"alignright size-full\"><img loading=\"lazy\" width=\"720\" height=\"960\" src=\"https:\/\/chezjames.fr\/boucherie\/wp-content\/uploads\/2021\/02\/fb-0.jpg\" alt=\"James le boucher au travail\" class=\"wp-image-1531\" srcset=\"https:\/\/chezjames.fr\/boucherie\/wp-content\/uploads\/2021\/02\/fb-0.jpg 720w, https:\/\/chezjames.fr\/boucherie\/wp-content\/uploads\/2021\/02\/fb-0-225x300.jpg 225w, https:\/\/chezjames.fr\/boucherie\/wp-content\/uploads\/2021\/02\/fb-0-416x555.jpg 416w\" sizes=\"(max-width: 720px) 100vw, 720px\" \/><\/figure><\/div>\n<\/div>\n<\/div>\n\n\n\n<p><\/p>\n","protected":false},"excerpt":{"rendered":"<p>Boucherie Charcuterie Traiteur La boucherie Chez James \u00e0 Saint Jean de Maru\u00e9jols et Avejan vous accueille chaleureusement au N\u00b0 10 de la route nationale, qui traverse ce joli village gardois (30), entre Saint Ambroix et Barjac. Votre nouveau boucher, jeune et dynamique, vous propose des viandes de qualit\u00e9. provenant du circuit cours, principalement gr\u00e2ce \u00e0 [&hellip;]<\/p>\n","protected":false},"author":1,"featured_media":0,"parent":0,"menu_order":0,"comment_status":"closed","ping_status":"closed","template":"template-fullwidth.php","meta":[],"_links":{"self":[{"href":"https:\/\/chezjames.fr\/boucherie\/wp-json\/wp\/v2\/pages\/1406"}],"collection":[{"href":"https:\/\/chezjames.fr\/boucherie\/wp-json\/wp\/v2\/pages"}],"about":[{"href":"https:\/\/chezjames.fr\/boucherie\/wp-json\/wp\/v2\/types\/page"}],"author":[{"embeddable":true,"href":"https:\/\/chezjames.fr\/boucherie\/wp-json\/wp\/v2\/users\/1"}],"replies":[{"embeddable":true,"href":"https:\/\/chezjames.fr\/boucherie\/wp-json\/wp\/v2\/comments?post=1406"}],"version-history":[{"count":36,"href":"https:\/\/chezjames.fr\/boucherie\/wp-json\/wp\/v2\/pages\/1406\/revisions"}],"predecessor-version":[{"id":1533,"href":"https:\/\/chezjames.fr\/boucherie\/wp-json\/wp\/v2\/pages\/1406\/revisions\/1533"}],"wp:attachment":[{"href":"https:\/\/chezjames.fr\/boucherie\/wp-json\/wp\/v2\/media?parent=1406"}],"curies":[{"name":"wp","href":"https:\/\/api.w.org\/{rel}","templated":true}]}}