
{"id":1550,"date":"2021-06-07T14:48:22","date_gmt":"2021-06-07T12:48:22","guid":{"rendered":"https:\/\/chezjames.fr\/boucherie\/?page_id=1550"},"modified":"2021-06-07T18:25:54","modified_gmt":"2021-06-07T16:25:54","slug":"mentions-legales","status":"publish","type":"page","link":"https:\/\/chezjames.fr\/boucherie\/mentions-legales\/","title":{"rendered":"Mentions l\u00e9gales"},"content":{"rendered":"\n<h2>Responsable<\/h2>\n\n\n\n<p class=\"has-text-align-left\"><em><strong>Chez James<\/strong><\/em><br>James PATTALOCCHI<br><a href=\"https:\/\/chezjames.fr\">https:\/\/chezjames.fr<\/a><br>Boucherie Charcuterie Traiteur<br>Fabrication Artisanale Sp\u00e9cialit\u00e9s R\u00e9gionales<br>10 Route Nationale<br>30430 Saint Jean de Maruejols et Avejan<br>SIREN : 850 123 597 00013<br>Tel: 04 66 24 40 64<br>E-mail: contact@chezjames.fr<\/p>\n\n\n\n<h2>Conception et  D\u00e9veloppement<\/h2>\n\n\n\n<p><em><strong>Chez James<\/strong><\/em><\/p>\n\n\n\n<p>James PATTALOCCHI<br>04 66 24 40 64<br>contact@chezjames.fr<\/p>\n\n\n\n<p>Dan Vial<br>contact-webmaster@chezjames.fr<\/p>\n\n\n\n<p>Site Web <strong><em>CHEZ JAMES<\/em><\/strong> est r\u00e9alis\u00e9 et construit sur:<\/p>\n\n\n\n<ul><li>WordPress -> <a href=\"https:\/\/fr.wordpress.org \">https:\/\/fr.wordpress.org <\/a><\/li><li>Woo COMMERCE -> <a href=\"https:\/\/woocommerce.com\">https:\/\/woocommerce.com<\/a><\/li><li>Storefront -> <a href=\"https:\/\/woocommerce.com\/storefront\/\">https:\/\/woocommerce.com\/storefront<\/a><\/li><li>Child themes CJ.FR -> <a href=\"https:\/\/chezjames.fr\">https:\/\/chezjames.fr<\/a><\/li><\/ul>\n\n\n\n<h2>Photos, Logos, Images, illustrations et Textes<\/h2>\n\n\n\n<p>Le Contenu de ce site sont la propri\u00e9t\u00e9 de \u00a9<strong><em>CHEZ JAMES<\/em><\/strong>, sauf mentions contraires.<\/p>\n\n\n\n<ul><li>\u00a9<strong><em>CHEZ JAMES<\/em><\/strong>: Child themes CJ.FR<\/li><\/ul>\n\n\n\n<p>Respectivement ce qui suit, le contenu qui appartient \u00e0 &#8230; est propri\u00e9t\u00e9 de &#8230; :<\/p>\n\n\n\n<ul><li>\u00a9WordPress<\/li><li>\u00a9Woo COMMERCE<\/li><li>\u00a9Storefront<\/li><\/ul>\n\n\n\n<h2>H\u00e9bergement du site<\/h2>\n\n\n\n<p>LWS (www.lws.fr \u2013 Ligne Web Services)<br><a href=\"https:\/\/www.lws.fr\">https:\/\/www.lws.fr<\/a><br>10, RUE PENTHIEVRE<br>75008 PARIS<br>FRANCE<\/p>\n\n\n\n<p>LWS \u2013 Ligne Web Services SAS est une filiale de la soci\u00e9t\u00e9 Groupe LWS<br><a href=\"https:\/\/lws.info\">https:\/\/lws.info<\/a><br>2, rue Jules Ferry, 88190 Golbey.<\/p>\n\n\n\n<h2>Politique de confidentialit\u00e9<\/h2>\n\n\n\n<p><a href=\"https:\/\/chezjames.fr\/boucherie\/politique-de-confidentialite\">https:\/\/chezjames.fr\/boucherie\/politique-de-confidentialite<\/a><\/p>\n","protected":false},"excerpt":{"rendered":"<p>Responsable Chez JamesJames PATTALOCCHIhttps:\/\/chezjames.frBoucherie Charcuterie TraiteurFabrication Artisanale Sp\u00e9cialit\u00e9s R\u00e9gionales10 Route Nationale30430 Saint Jean de Maruejols et AvejanSIREN : 850 123 597 00013Tel: 04 66 24 40 64E-mail: contact@chezjames.fr Conception et D\u00e9veloppement Chez James James PATTALOCCHI04 66 24 40 64contact@chezjames.fr Dan Vialcontact-webmaster@chezjames.fr Site Web CHEZ JAMES est r\u00e9alis\u00e9 et construit sur: WordPress -> https:\/\/fr.wordpress.org Woo COMMERCE [&hellip;]<\/p>\n","protected":false},"author":1,"featured_media":0,"parent":0,"menu_order":0,"comment_status":"closed","ping_status":"closed","template":"template-fullwidth.php","meta":[],"_links":{"self":[{"href":"https:\/\/chezjames.fr\/boucherie\/wp-json\/wp\/v2\/pages\/1550"}],"collection":[{"href":"https:\/\/chezjames.fr\/boucherie\/wp-json\/wp\/v2\/pages"}],"about":[{"href":"https:\/\/chezjames.fr\/boucherie\/wp-json\/wp\/v2\/types\/page"}],"author":[{"embeddable":true,"href":"https:\/\/chezjames.fr\/boucherie\/wp-json\/wp\/v2\/users\/1"}],"replies":[{"embeddable":true,"href":"https:\/\/chezjames.fr\/boucherie\/wp-json\/wp\/v2\/comments?post=1550"}],"version-history":[{"count":7,"href":"https:\/\/chezjames.fr\/boucherie\/wp-json\/wp\/v2\/pages\/1550\/revisions"}],"predecessor-version":[{"id":1602,"href":"https:\/\/chezjames.fr\/boucherie\/wp-json\/wp\/v2\/pages\/1550\/revisions\/1602"}],"wp:attachment":[{"href":"https:\/\/chezjames.fr\/boucherie\/wp-json\/wp\/v2\/media?parent=1550"}],"curies":[{"name":"wp","href":"https:\/\/api.w.org\/{rel}","templated":true}]}}